{"id":64154,"date":"2025-03-31T13:06:53","date_gmt":"2025-03-31T11:06:53","guid":{"rendered":"https:\/\/nylma.com\/?post_type=product&#038;p=64154"},"modified":"2025-07-24T13:51:30","modified_gmt":"2025-07-24T11:51:30","slug":"olot","status":"publish","type":"product","link":"https:\/\/nylma.com\/en\/product\/olot\/","title":{"rendered":"OLOT"},"content":{"rendered":"<p>Lining for sports shorts and swimming trunks<\/p>\n","protected":false},"excerpt":{"rendered":"<p>Composition : 40% Poli\u00e9ster 55% Poli\u00e9ster Negro Masa 5% Elast\u00f3mero<br \/>\n\uf0b7 Weight: 80 gr\/m2 + 5 %<br \/>\n\uf0b7 Width: 150 cm + 2 %<br \/>\n\uf0b7 Roll Lenght : 50,- mts.<\/p>\n<p><img decoding=\"async\" loading=\"lazy\" class=\"alignnone size-medium wp-image-64150\" src=\"https:\/\/nylma.com\/wp-content\/uploads\/2025\/03\/olot-300x39.jpg\" alt=\"\" width=\"300\" height=\"39\" srcset=\"https:\/\/nylma.com\/wp-content\/uploads\/2025\/03\/olot-300x39.jpg 300w, https:\/\/nylma.com\/wp-content\/uploads\/2025\/03\/olot-285x37.jpg 285w, https:\/\/nylma.com\/wp-content\/uploads\/2025\/03\/olot-150x20.jpg 150w, https:\/\/nylma.com\/wp-content\/uploads\/2025\/03\/olot.jpg 465w\" sizes=\"(max-width: 300px) 100vw, 300px\" \/><\/p>\n<p><img decoding=\"async\" loading=\"lazy\" class=\"alignnone size-medium wp-image-63344\" src=\"https:\/\/nylma.com\/wp-content\/uploads\/2024\/07\/DRYNYL_1-149x300.jpg\" alt=\"\" width=\"149\" height=\"300\" srcset=\"https:\/\/nylma.com\/wp-content\/uploads\/2024\/07\/DRYNYL_1-149x300.jpg 149w, https:\/\/nylma.com\/wp-content\/uploads\/2024\/07\/DRYNYL_1-285x574.jpg 285w, https:\/\/nylma.com\/wp-content\/uploads\/2024\/07\/DRYNYL_1-328x660.jpg 328w, https:\/\/nylma.com\/wp-content\/uploads\/2024\/07\/DRYNYL_1-74x150.jpg 74w, https:\/\/nylma.com\/wp-content\/uploads\/2024\/07\/DRYNYL_1.jpg 434w\" sizes=\"(max-width: 149px) 100vw, 149px\" \/><\/p>\n","protected":false},"featured_media":64153,"template":"","meta":[],"product_cat":[331,333],"product_tag":[],"_links":{"self":[{"href":"https:\/\/nylma.com\/en\/wp-json\/wp\/v3\/product\/64154"}],"collection":[{"href":"https:\/\/nylma.com\/en\/wp-json\/wp\/v3\/product"}],"about":[{"href":"https:\/\/nylma.com\/en\/wp-json\/wp\/v2\/types\/product"}],"wp:featuredmedia":[{"embeddable":true,"href":"https:\/\/nylma.com\/en\/wp-json\/wp\/v2\/media\/64153"}],"wp:attachment":[{"href":"https:\/\/nylma.com\/en\/wp-json\/wp\/v2\/media?parent=64154"}],"wp:term":[{"taxonomy":"product_cat","embeddable":true,"href":"https:\/\/nylma.com\/en\/wp-json\/wp\/v2\/product_cat?post=64154"},{"taxonomy":"product_tag","embeddable":true,"href":"https:\/\/nylma.com\/en\/wp-json\/wp\/v2\/product_tag?post=64154"}],"curies":[{"name":"wp","href":"https:\/\/api.w.org\/{rel}","templated":true}]}}